{"id":286,"date":"2021-12-27T18:17:10","date_gmt":"2021-12-27T09:17:10","guid":{"rendered":"https:\/\/www.altech.co.jp\/product\/mikrosam\/?page_id=286"},"modified":"2024-03-19T15:15:22","modified_gmt":"2024-03-19T06:15:22","slug":"downloard","status":"publish","type":"page","link":"https:\/\/www.altech.co.jp\/product\/mikrosam\/downloard\/","title":{"rendered":"\u30c0\u30a6\u30f3\u30ed\u30fc\u30c9"},"content":{"rendered":"<p><span style=\"font-size: 14pt;\">\u30c0\u30a6\u30f3\u30ed\u30fc\u30c9\u306b\u306f\u3001<a href=\"#dl-form\">\u767b\u9332\u30d5\u30a9\u30fc\u30e0\u3088\u308a<\/a>\u30e1\u30fc\u30eb\u30a2\u30c9\u30ec\u30b9\u306e\u767b\u9332\u304c\u5fc5\u8981\u3067\u3059\u3002\u767b\u9332\u3057\u305f\u30e1\u30fc\u30eb\u30a2\u30c9\u30ec\u30b9\u306b\u30c0\u30a6\u30f3\u30ed\u30fc\u30c9\u30da\u30fc\u30b8\u306eURL\u304c\u9001\u4fe1\u3055\u308c\u307e\u3059\u3002\u30c0\u30a6\u30f3\u30ed\u30fc\u30c9\u30da\u30fc\u30b8\u3067\u306f\u3001\u5404\u7a2e\u8cc7\u6599\u3092\u95b2\u89a7\u304a\u3088\u3073\u30c0\u30a6\u30f3\u30ed\u30fc\u30c9\u3057\u3066\u3054\u5229\u7528\u3044\u305f\u3060\u3051\u307e\u3059\u3002<\/span><\/p>\n<h3 class=\"style3a\" style=\"text-align: center;\">\u30ab\u30bf\u30ed\u30b0\uff08\u82f1\u8a9e\u7248\u30fb\u65e5\u672c\u8a9e\u7248\uff09<\/h3>\n<table style=\"border-collapse: collapse; width: 100%;\">\n<tbody>\n<tr>\n<td style=\"width: 50%; text-align: center;\"><span style=\"font-size: 8pt;\"><img loading=\"lazy\" class=\"alignnone wp-image-600\" src=\"https:\/\/www.altech.co.jp\/product\/mikrosam\/wp-content\/uploads\/2024\/03\/\u30b9\u30af\u30ea\u30fc\u30f3\u30b7\u30e7\u30c3\u30c8-2024-03-19-150718-728x1024.png\" alt=\"\" width=\"220\" height=\"309\" srcset=\"https:\/\/www.altech.co.jp\/product\/mikrosam\/wp-content\/uploads\/2024\/03\/\u30b9\u30af\u30ea\u30fc\u30f3\u30b7\u30e7\u30c3\u30c8-2024-03-19-150718-728x1024.png 728w, https:\/\/www.altech.co.jp\/product\/mikrosam\/wp-content\/uploads\/2024\/03\/\u30b9\u30af\u30ea\u30fc\u30f3\u30b7\u30e7\u30c3\u30c8-2024-03-19-150718-213x300.png 213w, https:\/\/www.altech.co.jp\/product\/mikrosam\/wp-content\/uploads\/2024\/03\/\u30b9\u30af\u30ea\u30fc\u30f3\u30b7\u30e7\u30c3\u30c8-2024-03-19-150718-768x1081.png 768w, https:\/\/www.altech.co.jp\/product\/mikrosam\/wp-content\/uploads\/2024\/03\/\u30b9\u30af\u30ea\u30fc\u30f3\u30b7\u30e7\u30c3\u30c8-2024-03-19-150718.png 919w\" sizes=\"(max-width: 220px) 100vw, 220px\" \/><br \/>\n\u822a\u7a7a\u7523\u696d\u30bd\u30ea\u30e5\u30fc\u30b7\u30e7\u30f3 \u30ab\u30bf\u30ed\u30b0<br \/>\n(V1.0, 2024\u3000\u82f1\u8a9e\u7248)<\/span><\/td>\n<td style=\"width: 50%; text-align: center;\"><span style=\"font-size: 8pt;\"><img loading=\"lazy\" class=\"alignnone wp-image-529 size-medium\" src=\"https:\/\/www.altech.co.jp\/product\/mikrosam\/wp-content\/uploads\/2023\/10\/Mikrosam-\u88fd\u54c1\u30ab\u30bf\u30ed\u30b02023-211x300.png\" alt=\"\" width=\"211\" height=\"300\" srcset=\"https:\/\/www.altech.co.jp\/product\/mikrosam\/wp-content\/uploads\/2023\/10\/Mikrosam-\u88fd\u54c1\u30ab\u30bf\u30ed\u30b02023-211x300.png 211w, https:\/\/www.altech.co.jp\/product\/mikrosam\/wp-content\/uploads\/2023\/10\/Mikrosam-\u88fd\u54c1\u30ab\u30bf\u30ed\u30b02023-720x1024.png 720w, https:\/\/www.altech.co.jp\/product\/mikrosam\/wp-content\/uploads\/2023\/10\/Mikrosam-\u88fd\u54c1\u30ab\u30bf\u30ed\u30b02023-768x1093.png 768w, https:\/\/www.altech.co.jp\/product\/mikrosam\/wp-content\/uploads\/2023\/10\/Mikrosam-\u88fd\u54c1\u30ab\u30bf\u30ed\u30b02023.png 905w\" sizes=\"(max-width: 211px) 100vw, 211px\" \/><br \/>\nMikrosam\u88fd\u54c1\u30ab\u30bf\u30ed\u30b0<br \/>\n(Oct 10, 2023\u3000\u82f1\u8a9e\u7248)<\/span><\/td>\n<\/tr>\n<tr>\n<td style=\"width: 50%; text-align: center;\"><span style=\"font-size: 8pt;\"><img loading=\"lazy\" class=\"size-full wp-image-392 aligncenter\" src=\"https:\/\/www.altech.co.jp\/product\/mikrosam\/wp-content\/uploads\/2022\/01\/MIKROSAM20180117175424-1.jpg\" alt=\"\" width=\"293\" height=\"201\" \/>Mikrosam\u88fd\u54c1\u30ab\u30bf\u30ed\u30b0<br \/>\n(Nov 14, 2017\u3000\u65e5\u672c\u8a9e\u7248)<br \/>\n<\/span><\/td>\n<td style=\"width: 50%; text-align: center;\"><img loading=\"lazy\" class=\"wp-image-410 aligncenter\" src=\"https:\/\/www.altech.co.jp\/product\/mikrosam\/wp-content\/uploads\/2022\/01\/microsam-solutions-300x225.png\" alt=\"\" width=\"267\" height=\"200\" srcset=\"https:\/\/www.altech.co.jp\/product\/mikrosam\/wp-content\/uploads\/2022\/01\/microsam-solutions-300x225.png 300w, https:\/\/www.altech.co.jp\/product\/mikrosam\/wp-content\/uploads\/2022\/01\/microsam-solutions.png 730w\" sizes=\"(max-width: 267px) 100vw, 267px\" \/><span style=\"font-size: 8pt;\">Mikrosam\u7dcf\u5408\u30ab\u30bf\u30ed\u30b0<br \/>\n(Nov 14, 2018\u3000\u65e5\u672c\u8a9e\u7248)<\/span><\/td>\n<\/tr>\n<\/tbody>\n<\/table>\n<p>&nbsp;<\/p>\n<hr \/>\n<h3 class=\"style3a\" style=\"text-align: center;\"><a id=\"dl-form\"><\/a>\u30c0\u30a6\u30f3\u30ed\u30fc\u30c9\u30d5\u30a9\u30fc\u30e0<\/h3>\n<p><span style=\"font-size: 12pt;\">\u30c0\u30a6\u30f3\u30ed\u30fc\u30c9\u306b\u306f\u3001\u4e0b\u8a18\u767b\u9332\u30d5\u30a9\u30fc\u30e0\u3088\u308a\u30e1\u30fc\u30eb\u30a2\u30c9\u30ec\u30b9\u306e\u767b\u9332\u304c\u5fc5\u8981\u3067\u3059\u3002\u767b\u9332\u3057\u305f\u30e1\u30fc\u30eb\u30a2\u30c9\u30ec\u30b9\u306b\u30c0\u30a6\u30f3\u30ed\u30fc\u30c9\u30da\u30fc\u30b8\u306eURL\u304c\u9001\u4fe1\u3055\u308c\u307e\u3059\u3002\u30c0\u30a6\u30f3\u30ed\u30fc\u30c9\u30da\u30fc\u30b8\u3067\u306f\u3001\u5404\u7a2e\u8cc7\u6599\u3092\u95b2\u89a7\u304a\u3088\u3073\u30c0\u30a6\u30f3\u30ed\u30fc\u30c9\u3057\u3066\u3054\u5229\u7528\u3044\u305f\u3060\u3051\u307e\u3059\u3002<\/span><\/p>\n<div role=\"form\" class=\"wpcf7\" id=\"wpcf7-f395-o1\" lang=\"ja\" dir=\"ltr\">\n<div class=\"screen-reader-response\"><p role=\"status\" aria-live=\"polite\" aria-atomic=\"true\"><\/p> <ul><\/ul><\/div>\n<form action=\"\/product\/mikrosam\/wp-json\/wp\/v2\/pages\/286#wpcf7-f395-o1\" method=\"post\" class=\"wpcf7-form init\" novalidate=\"novalidate\" data-status=\"init\">\n<div style=\"display: none;\">\n<input type=\"hidden\" name=\"_wpcf7\" value=\"395\" \/>\n<input type=\"hidden\" name=\"_wpcf7_version\" value=\"5.5.3\" \/>\n<input type=\"hidden\" name=\"_wpcf7_locale\" value=\"ja\" \/>\n<input type=\"hidden\" name=\"_wpcf7_unit_tag\" value=\"wpcf7-f395-o1\" \/>\n<input type=\"hidden\" name=\"_wpcf7_container_post\" value=\"0\" \/>\n<input type=\"hidden\" name=\"_wpcf7_posted_data_hash\" value=\"\" \/>\n<\/div>\n<table class=\"respStyle\">\n<tr>\n<th><span class=\"title-srt\">\u4f1a\u793e\u540d (\u5fc5\u9808) <\/span> <\/th>\n<td><span class=\"wpcf7-form-control-wrap your-company\"><input type=\"text\" name=\"your-company\" value=\"\" size=\"40\" class=\"wpcf7-form-control wpcf7-text wpcf7-validates-as-required\" aria-required=\"true\" aria-invalid=\"false\" placeholder=\"\u4f8b\uff1a\u30a2\u30eb\u30c6\u30c3\u30af\u682a\u5f0f\u4f1a\u793e\" \/><\/span> <\/td>\n<\/tr>\n<tr>\n<th><span class=\"title-srt\">\u304a\u540d\u524d (\u5fc5\u9808) <\/span><\/th>\n<td><span class=\"wpcf7-form-control-wrap your-name\"><input type=\"text\" name=\"your-name\" value=\"\" size=\"40\" class=\"wpcf7-form-control wpcf7-text wpcf7-validates-as-required\" aria-required=\"true\" aria-invalid=\"false\" placeholder=\"\u4f8b\uff1a\u6709\u90fd \u4e00\u90ce\" \/><\/span> <\/td>\n<\/tr>\n<tr>\n<th><span class=\"title-srt\">\u30e1\u30fc\u30eb\u30a2\u30c9\u30ec\u30b9 (\u5fc5\u9808) <\/span><\/th>\n<td><span class=\"wpcf7-form-control-wrap your-email\"><input type=\"email\" name=\"your-email\" value=\"\" size=\"40\" class=\"wpcf7-form-control wpcf7-text wpcf7-email wpcf7-validates-as-required wpcf7-validates-as-email\" aria-required=\"true\" aria-invalid=\"false\" placeholder=\"\u4f8b\uff1a\u00d7\u00d7\u00d7@\u00d7\u00d7\u00d7.com\" \/><\/span><\/td>\n<\/tr>\n<tr>\n<th><span class=\"title-srt\">\u96fb\u8a71\u756a\u53f7 (\u5fc5\u9808) <\/span><\/th>\n<td><span class=\"wpcf7-form-control-wrap tel\"><input type=\"tel\" name=\"tel\" value=\"\" size=\"40\" class=\"wpcf7-form-control wpcf7-text wpcf7-tel wpcf7-validates-as-required wpcf7-validates-as-tel\" aria-required=\"true\" aria-invalid=\"false\" placeholder=\"\u4f8b\uff1a00-0000-0000\" \/><\/span> <\/td>\n<\/tr>\n<\/table>\n<p><label>\u3000<a href=\"https:\/\/www.altech.co.jp\/privacy_policy\" target=\"_blank\">\u500b\u4eba\u60c5\u5831\u306e\u53d6\u6271\u3044\u306b\u3064\u3044\u3066<\/a>\u3092\u3054\u78ba\u8a8d\u3044\u305f\u3060\u304d\u3001\u5b9c\u3057\u3051\u308c\u3070\u300c\u500b\u4eba\u60c5\u5831\u306e\u53d6\u6271\u3044\u306b\u3064\u3044\u3066\u540c\u610f\u3059\u308b\u300d\u306b\u30c1\u30a7\u30c3\u30af\u3092\u3057\u3066\u3001\u6b21\u306b\u304a\u9032\u307f\u4e0b\u3055\u3044\u3002<\/label><br \/>\n    <span class=\"wpcf7-form-control-wrap acceptance-476\"><span class=\"wpcf7-form-control wpcf7-acceptance\"><span class=\"wpcf7-list-item\"><label><input type=\"checkbox\" name=\"acceptance-476\" value=\"1\" aria-invalid=\"false\" \/><span class=\"wpcf7-list-item-label\">\u500b\u4eba\u60c5\u5831\u306e\u53d6\u6271\u3044\u306b\u3064\u3044\u3066\u540c\u610f\u3059\u308b<\/span><\/label><\/span><\/span><\/span>\u3000 <\/p>\n<p><input type=\"submit\" value=\"\u9001\u4fe1\u3059\u308b\" class=\"wpcf7-form-control has-spinner wpcf7-submit\" \/><\/p>\n<p><!-- \u4f4f\u6240\u81ea\u52d5\u5165\u529b --><br \/>\n<script src=\"https:\/\/ajaxzip3.github.io\/ajaxzip3.js\" charset=\"UTF-8\"><\/script><br \/>\n<script type=\"text\/javascript\">\njQuery(function(){\n  jQuery('#zip').keyup(function(event){\n    AjaxZip3.zip2addr(this,'','pref','addr');\n  })\n})\n<\/script><\/p>\n<p><!-- \u30b5\u30f3\u30ad\u30e5\u30fc\u30da\u30fc\u30b8\u306b\u9077\u79fb --><br \/>\n<script>\n  document.addEventListener( 'wpcf7mailsent', function( event ) {\n    location = 'https:\/\/www.altech.co.jp\/product\/mikrosam\/thanks-dl\/';\n  }, false );\n<\/script><\/p>\n<div class=\"wpcf7-response-output\" aria-hidden=\"true\"><\/div><\/form><\/div>\n","protected":false},"excerpt":{"rendered":"\u30c0\u30a6\u30f3\u30ed\u30fc\u30c9\u306b\u306f\u3001\u767b\u9332\u30d5\u30a9\u30fc\u30e0\u3088\u308a\u30e1\u30fc\u30eb\u30a2\u30c9\u30ec\u30b9\u306e\u767b\u9332\u304c\u5fc5\u8981\u3067\u3059\u3002\u767b\u9332\u3057\u305f\u30e1\u30fc\u30eb\u30a2\u30c9\u30ec\u30b9\u306b\u30c0\u30a6\u30f3\u30ed\u30fc\u30c9\u30da\u30fc\u30b8\u306eURL\u304c\u9001\u4fe1\u3055\u308c\u307e\u3059\u3002\u30c0\u30a6\u30f3\u30ed\u30fc\u30c9\u30da\u30fc\u30b8&#8230;","protected":false},"author":1,"featured_media":0,"parent":0,"menu_order":0,"comment_status":"closed","ping_status":"closed","template":"","meta":[],"_links":{"self":[{"href":"https:\/\/www.altech.co.jp\/product\/mikrosam\/wp-json\/wp\/v2\/pages\/286"}],"collection":[{"href":"https:\/\/www.altech.co.jp\/product\/mikrosam\/wp-json\/wp\/v2\/pages"}],"about":[{"href":"https:\/\/www.altech.co.jp\/product\/mikrosam\/wp-json\/wp\/v2\/types\/page"}],"author":[{"embeddable":true,"href":"https:\/\/www.altech.co.jp\/product\/mikrosam\/wp-json\/wp\/v2\/users\/1"}],"replies":[{"embeddable":true,"href":"https:\/\/www.altech.co.jp\/product\/mikrosam\/wp-json\/wp\/v2\/comments?post=286"}],"version-history":[{"count":11,"href":"https:\/\/www.altech.co.jp\/product\/mikrosam\/wp-json\/wp\/v2\/pages\/286\/revisions"}],"predecessor-version":[{"id":604,"href":"https:\/\/www.altech.co.jp\/product\/mikrosam\/wp-json\/wp\/v2\/pages\/286\/revisions\/604"}],"wp:attachment":[{"href":"https:\/\/www.altech.co.jp\/product\/mikrosam\/wp-json\/wp\/v2\/media?parent=286"}],"curies":[{"name":"wp","href":"https:\/\/api.w.org\/{rel}","templated":true}]}}